{"id":118,"date":"2022-09-05T11:46:46","date_gmt":"2022-09-05T11:46:46","guid":{"rendered":"https:\/\/demo.shadow-themes.com\/wp\/anita\/?page_id=118"},"modified":"2025-07-13T00:13:14","modified_gmt":"2025-07-12T22:13:14","slug":"about","status":"publish","type":"page","link":"https:\/\/www.uwekobold.de\/en\/about\/","title":{"rendered":"About"},"content":{"rendered":"<div data-elementor-type=\"wp-page\" data-elementor-id=\"118\" class=\"elementor elementor-118\">\n\t\t\t\t\t\t<section class=\"elementor-section elementor-top-section elementor-element elementor-element-8a56166 animated-fast elementor-section-boxed elementor-section-height-default elementor-section-height-default elementor-invisible\" data-id=\"8a56166\" data-element_type=\"section\" data-settings=\"{&quot;animation&quot;:&quot;fadeIn&quot;}\">\n\t\t\t\t\t\t<div class=\"elementor-container elementor-column-gap-no\">\n\t\t\t\t\t<div class=\"elementor-column elementor-col-100 elementor-top-column elementor-element elementor-element-387653c\" data-id=\"387653c\" data-element_type=\"column\">\n\t\t\t<div class=\"elementor-widget-wrap elementor-element-populated\">\n\t\t\t\t\t\t<div class=\"elementor-element elementor-element-bc9c317 elementor-widget elementor-widget-heading\" data-id=\"bc9c317\" data-element_type=\"widget\" data-widget_type=\"heading.default\">\n\t\t\t\t<div class=\"elementor-widget-container\">\n\t\t\t\t\t<h1 class=\"elementor-heading-title elementor-size-default\"><a href=\"http:\/\/www.kobold-grafik.de\">uwe kobold<\/a><\/h1>\t\t\t\t<\/div>\n\t\t\t\t<\/div>\n\t\t\t\t<div class=\"elementor-element elementor-element-f706bd1 elementor-widget elementor-widget-heading\" data-id=\"f706bd1\" data-element_type=\"widget\" data-widget_type=\"heading.default\">\n\t\t\t\t<div class=\"elementor-widget-container\">\n\t\t\t\t\t<h2 class=\"elementor-heading-title elementor-size-default\"><a href=\"http:\/\/Www.kobold-grafik.de\">fine art photography \n<\/a><\/h2>\t\t\t\t<\/div>\n\t\t\t\t<\/div>\n\t\t\t\t\t<\/div>\n\t\t<\/div>\n\t\t\t\t\t<\/div>\n\t\t<\/section>\n\t\t\t\t<section class=\"elementor-section elementor-top-section elementor-element elementor-element-d209293 elementor-section-boxed elementor-section-height-default elementor-section-height-default\" data-id=\"d209293\" data-element_type=\"section\">\n\t\t\t\t\t\t<div class=\"elementor-container elementor-column-gap-default\">\n\t\t\t\t\t<div class=\"elementor-column elementor-col-33 elementor-top-column elementor-element elementor-element-50b1623\" data-id=\"50b1623\" data-element_type=\"column\">\n\t\t\t<div class=\"elementor-widget-wrap elementor-element-populated\">\n\t\t\t\t\t\t<div class=\"elementor-element elementor-element-143d3b6 elementor-widget elementor-widget-image\" data-id=\"143d3b6\" data-element_type=\"widget\" data-widget_type=\"image.default\">\n\t\t\t\t<div class=\"elementor-widget-container\">\n\t\t\t\t\t\t\t\t\t\t\t\t\t\t\t<img data-recalc-dims=\"1\" decoding=\"async\" data-src=\"https:\/\/i0.wp.com\/www.kobold-werkstatt.de\/wp-content\/uploads\/2022\/12\/4C5E004C-3D89-4E4F-B7BB-1AEFD7F25730-e1672423142450.jpeg?w=1400\" title=\"\" alt=\"\" src=\"data:image\/svg+xml;base64,PHN2ZyB3aWR0aD0iMSIgaGVpZ2h0PSIxIiB4bWxucz0iaHR0cDovL3d3dy53My5vcmcvMjAwMC9zdmciPjwvc3ZnPg==\" class=\"lazyload\" \/>\t\t\t\t\t\t\t\t\t\t\t\t\t\t\t<\/div>\n\t\t\t\t<\/div>\n\t\t\t\t\t<\/div>\n\t\t<\/div>\n\t\t\t\t<div class=\"elementor-column elementor-col-66 elementor-top-column elementor-element elementor-element-6058b19\" data-id=\"6058b19\" data-element_type=\"column\">\n\t\t\t<div class=\"elementor-widget-wrap elementor-element-populated\">\n\t\t\t\t\t\t<div class=\"elementor-element elementor-element-6d716b5 elementor-widget elementor-widget-heading\" data-id=\"6d716b5\" data-element_type=\"widget\" data-widget_type=\"heading.default\">\n\t\t\t\t<div class=\"elementor-widget-container\">\n\t\t\t\t\t<h2 class=\"elementor-heading-title elementor-size-medium\"><br><p>\u201eS<span style=\"letter-spacing: var(--anita-t-h2--ls);text-transform: var(--anita-t-h2--tt)\">cience and art, both need curiosity, inspiration and courage\u201c<\/span><span style=\"letter-spacing: var(--anita-t-h2--ls);text-transform: var(--anita-t-h2--tt)\"><\/span><\/p><\/h2>\t\t\t\t<\/div>\n\t\t\t\t<\/div>\n\t\t\t\t\t<\/div>\n\t\t<\/div>\n\t\t\t\t\t<\/div>\n\t\t<\/section>\n\t\t\t\t<section class=\"elementor-section elementor-top-section elementor-element elementor-element-a64820d elementor-section-boxed elementor-section-height-default elementor-section-height-default\" data-id=\"a64820d\" data-element_type=\"section\">\n\t\t\t\t\t\t<div class=\"elementor-container elementor-column-gap-default\">\n\t\t\t\t\t<div class=\"elementor-column elementor-col-33 elementor-top-column elementor-element elementor-element-ad57719\" data-id=\"ad57719\" data-element_type=\"column\">\n\t\t\t<div class=\"elementor-widget-wrap\">\n\t\t\t\t\t\t\t<\/div>\n\t\t<\/div>\n\t\t\t\t<div class=\"elementor-column elementor-col-66 elementor-top-column elementor-element elementor-element-3bb3b58\" data-id=\"3bb3b58\" data-element_type=\"column\">\n\t\t\t<div class=\"elementor-widget-wrap elementor-element-populated\">\n\t\t\t\t\t\t<div class=\"elementor-element elementor-element-401789e elementor-widget elementor-widget-text-editor\" data-id=\"401789e\" data-element_type=\"widget\" data-widget_type=\"text-editor.default\">\n\t\t\t\t<div class=\"elementor-widget-container\">\n\t\t\t\t\t\t\t\t\t<div><em>Photography and painting:<\/em><\/div>\n<div><span style=\"letter-spacing: var(--anita-t-content--ls); text-transform: var(--anita-t-content--tt); -webkit-tap-highlight-color: transparent; text-decoration: var(--anita-t-content--td);\">&nbsp;<\/span><\/div>\n<div><span style=\"letter-spacing: var(--anita-t-content--ls); text-transform: var(--anita-t-content--tt); -webkit-tap-highlight-color: transparent; text-decoration: var(--anita-t-content--td);\">The current work is characterized by the ambivalence between photography and painting, between realism and abstraction. A central theme is playing with surfaces - of plants, buildings and facades as well as dealing with time and space.<\/span><\/div>\n<div>\n<p>The objects are shown in unusual perspectives and scales, disassembled and reassembled in search of the soul of the object and the emotions of the respective viewer.&nbsp;<\/p>\n<p>Surfaces, what do they show, what do they hide or reveal?<\/p>\n<p>Die H\u00fclle, die Fassade hat viele Facetten, sie besch\u00fctzt oder pr\u00e4sentiert und manchmal t\u00e4uscht sie. Sie erz\u00e4hlt stets eine Geschichte, erlaubt Einblick und birgt doch immer ein Geheimnis<\/p>\n<\/div>\n<div>\n<div><em>&nbsp;<\/em><\/div>\n<div><em>Ausstellungen:<\/em><\/div>\n<ul>\n<li style=\"list-style-type: none;\">\n<ul>\n<li style=\"list-style-type: none;\">\n<ul>\n<li style=\"list-style-type: none;\">\n<ul>\n<li style=\"list-style-type: none;\">\n<ul>\n<li style=\"outline-color: currentcolor; outline-style: none; padding: var(--anita-g-li-inner); margin: var(--anita-g-li-outer); list-style: var(--anita-li-style);\">Tan-z-go Galerie Kunstforum Weilheim, 2025<\/li><li style=\"outline-color: currentcolor; outline-style: none; padding: var(--anita-g-li-inner); margin: var(--anita-g-li-outer); list-style: var(--anita-li-style);\">\u201eWie wirklich ist die Wirklichkeit\u201c Gemeinschaftsausstellung Kunstforum Weilheim 2025<\/li><li style=\"outline-color: currentcolor; outline-style: none; padding: var(--anita-g-li-inner); margin: var(--anita-g-li-outer); list-style: var(--anita-li-style);\">L\u00f6cher im Licht, Taubenturm Die\u00dfen, 2025<\/li><li style=\"outline-color: currentcolor; outline-style: none; padding: var(--anita-g-li-inner); margin: var(--anita-g-li-outer); list-style: var(--anita-li-style);\">Portfolio online Galerie:&nbsp;<u style=\"outline-color: currentcolor; outline-style: none;\"><a style=\"outline-color: currentcolor; outline-style: none;\" href=\"https:\/\/1x.com\/uwekobold\" target=\"_blank\" rel=\"noopener\">1x.com\/uwekobold<\/a><\/u><\/li>\n<li>Projekt \u201ejust Tango \u2026\u201c online Ausstellung auf 1x:&nbsp;<span style=\"text-decoration: underline;\"><a href=\"https:\/\/1x.com\/uwekobold\/the-mood-of-tango-by-uwe-kobold\" target=\"_blank\" rel=\"noopener\">Exhibition \u201emood of Tango \u2026\u201c<\/a><\/span><\/li>\n<li style=\"outline-color: currentcolor; outline-style: none; padding: var(--anita-g-li-inner); margin: var(--anita-g-li-outer); list-style: var(--anita-li-style);\">Projekt \u201eZeitmaschine\u201c online Ausstellung auf 1x:&nbsp;<u style=\"outline-color: currentcolor; outline-style: none;\"><a style=\"outline-color: currentcolor; outline-style: none;\" href=\"https:\/\/1x.com\/magazine\/permalink\/9396\" target=\"_blank\" rel=\"noopener\">Exhibition &#8222;TIME MACHINE&#8220;<\/a><\/u><\/li>\n<\/ul>\n<\/li>\n<li style=\"list-style-type: none;\">\n<ul>\n<li>\u201eKunst im \u00f6ffentlichen Raum &#8211; Positionen zum Skulpturenweg\u201c: Gruppenausstellung Galerie des Kunstforums Weilheim 2024<\/li>\n<li>Er\u00f6ffnung neue Galerie des Kunstforums Weilheim, Gemeinschaftsausstellung Juli bis Sept 2024<\/li>\n<li>\u201eWarum ist alles so r\u00e4tselhaft\u201c: Gemeinschaftsausstellung Kunstforum Weilheim 2024<\/li>\n<li>\u201eFine Art Photography\u201c in der Galerie auf Zeit, &nbsp;Weilheim, Marienplatz 29, M\u00e4rz 2024<\/li>\n<li>Kunstkaufhaus Weilheim 2023<\/li>\n<li>ArtMuc Kunstmesse M\u00fcnchen Oktober 2023<\/li>\n<li>\u201eWasser\u201c: Gemeinschaftsausstellung Kunstforum Weilheim 2023<\/li>\n<li>\u201eFarbengarten\u201c: Galerie im Treppenhaus ev. Apostelkirche Weilheim 2023<\/li>\n<\/ul>\n<\/li>\n<\/ul>\n<\/li>\n<\/ul>\n<\/li>\n<\/ul>\n<\/li>\n<\/ul>\n<p><em>Membership:<\/em><\/p>\n<p>Kunstforum Weilheim:&nbsp; <a href=\"https:\/\/kunstforum-weilheim.de\" target=\"_blank\" rel=\"noopener\"><u>kunstforum-weilheim<\/u><\/a><\/p>\n<\/div>\t\t\t\t\t\t\t\t<\/div>\n\t\t\t\t<\/div>\n\t\t\t\t\t<\/div>\n\t\t<\/div>\n\t\t\t\t\t<\/div>\n\t\t<\/section>\n\t\t\t\t<section class=\"elementor-section elementor-top-section elementor-element elementor-element-9fc5b6b elementor-section-boxed elementor-section-height-default elementor-section-height-default\" data-id=\"9fc5b6b\" data-element_type=\"section\">\n\t\t\t\t\t\t<div class=\"elementor-container elementor-column-gap-default\">\n\t\t\t\t\t<div class=\"elementor-column elementor-col-33 elementor-top-column elementor-element elementor-element-f55aae7\" data-id=\"f55aae7\" data-element_type=\"column\">\n\t\t\t<div class=\"elementor-widget-wrap\">\n\t\t\t\t\t\t\t<\/div>\n\t\t<\/div>\n\t\t\t\t<div class=\"elementor-column elementor-col-66 elementor-top-column elementor-element elementor-element-6de723f\" data-id=\"6de723f\" data-element_type=\"column\">\n\t\t\t<div class=\"elementor-widget-wrap elementor-element-populated\">\n\t\t\t\t\t\t<div class=\"elementor-element elementor-element-97157ef elementor-widget elementor-widget-button\" data-id=\"97157ef\" data-element_type=\"widget\" data-widget_type=\"button.default\">\n\t\t\t\t<div class=\"elementor-widget-container\">\n\t\t\t\t\t\t\t\t\t<div class=\"elementor-button-wrapper\">\n\t\t\t\t\t<a class=\"elementor-button elementor-button-link elementor-size-sm\" href=\"mailto:info@uwekobold.de\">\n\t\t\t\t\t\t<span class=\"elementor-button-content-wrapper\">\n\t\t\t\t\t\t\t\t\t<span class=\"elementor-button-text\">email: info@uwekobold.de<\/span>\n\t\t\t\t\t<\/span>\n\t\t\t\t\t<\/a>\n\t\t\t\t<\/div>\n\t\t\t\t\t\t\t\t<\/div>\n\t\t\t\t<\/div>\n\t\t\t\t\t<\/div>\n\t\t<\/div>\n\t\t\t\t\t<\/div>\n\t\t<\/section>\n\t\t\t\t<section class=\"elementor-section elementor-top-section elementor-element elementor-element-2b86bb0 elementor-section-boxed elementor-section-height-default elementor-section-height-default\" data-id=\"2b86bb0\" data-element_type=\"section\">\n\t\t\t\t\t\t<div class=\"elementor-container elementor-column-gap-default\">\n\t\t\t\t\t<div class=\"elementor-column elementor-col-33 elementor-top-column elementor-element elementor-element-8db6d86\" data-id=\"8db6d86\" data-element_type=\"column\">\n\t\t\t<div class=\"elementor-widget-wrap\">\n\t\t\t\t\t\t\t<\/div>\n\t\t<\/div>\n\t\t\t\t<div class=\"elementor-column elementor-col-66 elementor-top-column elementor-element elementor-element-a10b0e1\" data-id=\"a10b0e1\" data-element_type=\"column\">\n\t\t\t<div class=\"elementor-widget-wrap elementor-element-populated\">\n\t\t\t\t\t\t<div class=\"elementor-element elementor-element-997e64f elementor-widget elementor-widget-wpforms\" data-id=\"997e64f\" data-element_type=\"widget\" data-widget_type=\"wpforms.default\">\n\t\t\t\t<div class=\"elementor-widget-container\">\n\t\t\t\t\t<div class=\"wpforms-container wpforms-container-full\" id=\"wpforms-4370\"><form id=\"wpforms-form-4370\" class=\"wpforms-validate wpforms-form wpforms-ajax-form\" data-formid=\"4370\" method=\"post\" enctype=\"multipart\/form-data\" action=\"\/en\/wp-json\/wp\/v2\/pages\/118\" data-token=\"bb7b09cfe611517eaf7cdb18c6183136\" data-token-time=\"1778336713\" data-trp-original-action=\"\/en\/wp-json\/wp\/v2\/pages\/118\"><noscript class=\"wpforms-error-noscript\">Please enable JavaScript in your browser to complete this form.<\/noscript><div class=\"wpforms-field-container\"><div id=\"wpforms-4370-field_0-container\" class=\"wpforms-field wpforms-field-name\" data-field-id=\"0\"><label class=\"wpforms-field-label\">Name <span class=\"wpforms-required-label\">*<\/span><\/label><div class=\"wpforms-field-row wpforms-field-medium\"><div class=\"wpforms-field-row-block wpforms-first wpforms-one-half\"><input type=\"text\" id=\"wpforms-4370-field_0\" class=\"wpforms-field-name-first wpforms-field-required\" name=\"wpforms[fields][0][first]\" required><label for=\"wpforms-4370-field_0\" class=\"wpforms-field-sublabel after\">First<\/label><\/div><div class=\"wpforms-field-row-block wpforms-one-half\"><input type=\"text\" id=\"wpforms-4370-field_0-last\" class=\"wpforms-field-name-last wpforms-field-required\" name=\"wpforms[fields][0][last]\" required><label for=\"wpforms-4370-field_0-last\" class=\"wpforms-field-sublabel after\">Last<\/label><\/div><\/div><\/div><div id=\"wpforms-4370-field_2-container\" class=\"wpforms-field wpforms-field-textarea\" data-field-id=\"2\"><label class=\"wpforms-field-label\" for=\"wpforms-4370-field_2\">Comment or Message<\/label><textarea id=\"wpforms-4370-field_2\" class=\"wpforms-field-medium\" name=\"wpforms[fields][2]\" ><\/textarea><\/div><div id=\"wpforms-4370-field_1-container\" class=\"wpforms-field wpforms-field-email\" data-field-id=\"1\"><label class=\"wpforms-field-label\" for=\"wpforms-4370-field_1\">Email <span class=\"wpforms-required-label\">*<\/span><\/label><input type=\"email\" id=\"wpforms-4370-field_1\" class=\"wpforms-field-medium wpforms-field-required\" name=\"wpforms[fields][1]\" spellcheck=\"false\" required><\/div><\/div><!-- .wpforms-field-container --><div class=\"wpforms-submit-container\" ><input type=\"hidden\" name=\"wpforms[id]\" value=\"4370\"><input type=\"hidden\" name=\"page_title\" value=\"\"><input type=\"hidden\" name=\"page_url\" value=\"https:\/\/www.uwekobold.de\/en\/wp-json\/wp\/v2\/pages\/118\"><input type=\"hidden\" name=\"url_referer\" value=\"\"><button type=\"submit\" name=\"wpforms[submit]\" id=\"wpforms-submit-4370\" class=\"wpforms-submit\" data-alt-text=\"Sending...\" data-submit-text=\"Submit\" aria-live=\"assertive\" value=\"wpforms-submit\">Submit<\/button><img decoding=\"async\" data-src=\"https:\/\/www.uwekobold.de\/wp-content\/plugins\/wpforms-lite\/assets\/images\/submit-spin.svg\" class=\"wpforms-submit-spinner lazyload\" style=\"--smush-placeholder-width: 26px; --smush-placeholder-aspect-ratio: 26\/26;display: none;\" width=\"26\" height=\"26\" alt=\"Loading\" src=\"data:image\/svg+xml;base64,PHN2ZyB3aWR0aD0iMSIgaGVpZ2h0PSIxIiB4bWxucz0iaHR0cDovL3d3dy53My5vcmcvMjAwMC9zdmciPjwvc3ZnPg==\"><\/div><input type=\"hidden\" name=\"trp-form-language\" value=\"en\"\/><\/form><\/div>  <!-- .wpforms-container -->\t\t\t\t<\/div>\n\t\t\t\t<\/div>\n\t\t\t\t\t<\/div>\n\t\t<\/div>\n\t\t\t\t\t<\/div>\n\t\t<\/section>\n\t\t\t\t<\/div>","protected":false},"excerpt":{"rendered":"<p>uwe kobold fine art photography \u201eNaturwissenschaft und Kunst, beide brauchen Neugierde, Inspiration und Wagemut&#8220; Fotografie und Malerei: &nbsp; Die aktuellen Arbeiten sind gepr\u00e4gt von der Ambivalenz zwischen Fotografie und Malerei, zwischen Gegenst\u00e4ndlichkeit und Abstraktion. Ein zentrales Thema ist das Spiel mit Oberfl\u00e4chen von Pflanzen, Geb\u00e4uden und Fassaden sowie die Auseinandersetzung mit Zeit und Raum. Gezeigt&#8230;<\/p>","protected":false},"author":1,"featured_media":0,"parent":0,"menu_order":0,"comment_status":"closed","ping_status":"closed","template":"","meta":{"footnotes":""},"class_list":["post-118","page","type-page","status-publish","hentry"],"yoast_head":"<!-- This site is optimized with the Yoast SEO plugin v26.6 - https:\/\/yoast.com\/wordpress\/plugins\/seo\/ -->\n<title>About &amp; Shop - kobold-grafik<\/title>\n<meta name=\"description\" content=\"about - shop - contact\" \/>\n<meta name=\"robots\" content=\"index, follow, max-snippet:-1, max-image-preview:large, max-video-preview:-1\" \/>\n<link rel=\"canonical\" href=\"https:\/\/www.uwekobold.de\/en\/about\/\" \/>\n<meta property=\"og:locale\" content=\"en_US\" \/>\n<meta property=\"og:type\" content=\"article\" \/>\n<meta property=\"og:title\" content=\"About &amp; Shop - kobold-grafik\" \/>\n<meta property=\"og:description\" content=\"about - shop - contact\" \/>\n<meta property=\"og:url\" content=\"https:\/\/www.uwekobold.de\/en\/about\/\" \/>\n<meta property=\"og:site_name\" content=\"kobold-grafik\" \/>\n<meta property=\"article:modified_time\" content=\"2025-07-12T22:13:14+00:00\" \/>\n<meta property=\"og:image\" content=\"http:\/\/www.uwekobold.de\/wp-content\/uploads\/2022\/12\/4C5E004C-3D89-4E4F-B7BB-1AEFD7F25730-e1672423142450-274x300.jpeg\" \/>\n<meta name=\"twitter:card\" content=\"summary_large_image\" \/>\n<meta name=\"twitter:label1\" content=\"Est. reading time\" \/>\n\t<meta name=\"twitter:data1\" content=\"2 minutes\" \/>\n<script type=\"application\/ld+json\" class=\"yoast-schema-graph\">{\"@context\":\"https:\/\/schema.org\",\"@graph\":[{\"@type\":\"WebPage\",\"@id\":\"https:\/\/www.uwekobold.de\/about\/\",\"url\":\"https:\/\/www.uwekobold.de\/about\/\",\"name\":\"About & Shop - kobold-grafik\",\"isPartOf\":{\"@id\":\"https:\/\/www.uwekobold.de\/#website\"},\"primaryImageOfPage\":{\"@id\":\"https:\/\/www.uwekobold.de\/about\/#primaryimage\"},\"image\":{\"@id\":\"https:\/\/www.uwekobold.de\/about\/#primaryimage\"},\"thumbnailUrl\":\"http:\/\/www.uwekobold.de\/wp-content\/uploads\/2022\/12\/4C5E004C-3D89-4E4F-B7BB-1AEFD7F25730-e1672423142450-274x300.jpeg\",\"datePublished\":\"2022-09-05T11:46:46+00:00\",\"dateModified\":\"2025-07-12T22:13:14+00:00\",\"description\":\"about - shop - contact\",\"breadcrumb\":{\"@id\":\"https:\/\/www.uwekobold.de\/about\/#breadcrumb\"},\"inLanguage\":\"en-US\",\"potentialAction\":[{\"@type\":\"ReadAction\",\"target\":[\"https:\/\/www.uwekobold.de\/about\/\"]}]},{\"@type\":\"ImageObject\",\"inLanguage\":\"en-US\",\"@id\":\"https:\/\/www.uwekobold.de\/about\/#primaryimage\",\"url\":\"http:\/\/www.uwekobold.de\/wp-content\/uploads\/2022\/12\/4C5E004C-3D89-4E4F-B7BB-1AEFD7F25730-e1672423142450-274x300.jpeg\",\"contentUrl\":\"http:\/\/www.uwekobold.de\/wp-content\/uploads\/2022\/12\/4C5E004C-3D89-4E4F-B7BB-1AEFD7F25730-e1672423142450-274x300.jpeg\"},{\"@type\":\"BreadcrumbList\",\"@id\":\"https:\/\/www.uwekobold.de\/about\/#breadcrumb\",\"itemListElement\":[{\"@type\":\"ListItem\",\"position\":1,\"name\":\"Home\",\"item\":\"https:\/\/www.uwekobold.de\/\"},{\"@type\":\"ListItem\",\"position\":2,\"name\":\"About\"}]},{\"@type\":\"WebSite\",\"@id\":\"https:\/\/www.uwekobold.de\/#website\",\"url\":\"https:\/\/www.uwekobold.de\/\",\"name\":\"kobold-grafik\",\"description\":\"fine art photography\",\"publisher\":{\"@id\":\"https:\/\/www.uwekobold.de\/#\/schema\/person\/1cb68d5160ac31b685e1bfeb6b88979e\"},\"potentialAction\":[{\"@type\":\"SearchAction\",\"target\":{\"@type\":\"EntryPoint\",\"urlTemplate\":\"https:\/\/www.uwekobold.de\/?s={search_term_string}\"},\"query-input\":{\"@type\":\"PropertyValueSpecification\",\"valueRequired\":true,\"valueName\":\"search_term_string\"}}],\"inLanguage\":\"en-US\"},{\"@type\":[\"Person\",\"Organization\"],\"@id\":\"https:\/\/www.uwekobold.de\/#\/schema\/person\/1cb68d5160ac31b685e1bfeb6b88979e\",\"name\":\"Uwe Kobold\",\"image\":{\"@type\":\"ImageObject\",\"inLanguage\":\"en-US\",\"@id\":\"https:\/\/www.uwekobold.de\/#\/schema\/person\/image\/\",\"url\":\"https:\/\/www.uwekobold.de\/wp-content\/uploads\/2023\/04\/21D9014F-5789-4AE6-B2D2-E5DF20C2A72E.jpeg\",\"contentUrl\":\"https:\/\/www.uwekobold.de\/wp-content\/uploads\/2023\/04\/21D9014F-5789-4AE6-B2D2-E5DF20C2A72E.jpeg\",\"width\":1000,\"height\":1000,\"caption\":\"Uwe Kobold\"},\"logo\":{\"@id\":\"https:\/\/www.uwekobold.de\/#\/schema\/person\/image\/\"},\"sameAs\":[\"http:\/\/www.uwekobold.de\"]}]}<\/script>\n<!-- \/ Yoast SEO plugin. -->","yoast_head_json":{"title":"About & Shop - kobold-grafik","description":"about - shop - contact","robots":{"index":"index","follow":"follow","max-snippet":"max-snippet:-1","max-image-preview":"max-image-preview:large","max-video-preview":"max-video-preview:-1"},"canonical":"https:\/\/www.uwekobold.de\/en\/about\/","og_locale":"en_US","og_type":"article","og_title":"About & Shop - kobold-grafik","og_description":"about - shop - contact","og_url":"https:\/\/www.uwekobold.de\/en\/about\/","og_site_name":"kobold-grafik","article_modified_time":"2025-07-12T22:13:14+00:00","og_image":[{"url":"http:\/\/www.uwekobold.de\/wp-content\/uploads\/2022\/12\/4C5E004C-3D89-4E4F-B7BB-1AEFD7F25730-e1672423142450-274x300.jpeg","type":"","width":"","height":""}],"twitter_card":"summary_large_image","twitter_misc":{"Est. reading time":"2 minutes"},"schema":{"@context":"https:\/\/schema.org","@graph":[{"@type":"WebPage","@id":"https:\/\/www.uwekobold.de\/about\/","url":"https:\/\/www.uwekobold.de\/about\/","name":"About & Shop - kobold-grafik","isPartOf":{"@id":"https:\/\/www.uwekobold.de\/#website"},"primaryImageOfPage":{"@id":"https:\/\/www.uwekobold.de\/about\/#primaryimage"},"image":{"@id":"https:\/\/www.uwekobold.de\/about\/#primaryimage"},"thumbnailUrl":"http:\/\/www.uwekobold.de\/wp-content\/uploads\/2022\/12\/4C5E004C-3D89-4E4F-B7BB-1AEFD7F25730-e1672423142450-274x300.jpeg","datePublished":"2022-09-05T11:46:46+00:00","dateModified":"2025-07-12T22:13:14+00:00","description":"about - shop - contact","breadcrumb":{"@id":"https:\/\/www.uwekobold.de\/about\/#breadcrumb"},"inLanguage":"en-US","potentialAction":[{"@type":"ReadAction","target":["https:\/\/www.uwekobold.de\/about\/"]}]},{"@type":"ImageObject","inLanguage":"en-US","@id":"https:\/\/www.uwekobold.de\/about\/#primaryimage","url":"http:\/\/www.uwekobold.de\/wp-content\/uploads\/2022\/12\/4C5E004C-3D89-4E4F-B7BB-1AEFD7F25730-e1672423142450-274x300.jpeg","contentUrl":"http:\/\/www.uwekobold.de\/wp-content\/uploads\/2022\/12\/4C5E004C-3D89-4E4F-B7BB-1AEFD7F25730-e1672423142450-274x300.jpeg"},{"@type":"BreadcrumbList","@id":"https:\/\/www.uwekobold.de\/about\/#breadcrumb","itemListElement":[{"@type":"ListItem","position":1,"name":"Home","item":"https:\/\/www.uwekobold.de\/"},{"@type":"ListItem","position":2,"name":"About"}]},{"@type":"WebSite","@id":"https:\/\/www.uwekobold.de\/#website","url":"https:\/\/www.uwekobold.de\/","name":"kobold-grafik","description":"fine art photography","publisher":{"@id":"https:\/\/www.uwekobold.de\/#\/schema\/person\/1cb68d5160ac31b685e1bfeb6b88979e"},"potentialAction":[{"@type":"SearchAction","target":{"@type":"EntryPoint","urlTemplate":"https:\/\/www.uwekobold.de\/?s={search_term_string}"},"query-input":{"@type":"PropertyValueSpecification","valueRequired":true,"valueName":"search_term_string"}}],"inLanguage":"en-US"},{"@type":["Person","Organization"],"@id":"https:\/\/www.uwekobold.de\/#\/schema\/person\/1cb68d5160ac31b685e1bfeb6b88979e","name":"Uwe Kobold","image":{"@type":"ImageObject","inLanguage":"en-US","@id":"https:\/\/www.uwekobold.de\/#\/schema\/person\/image\/","url":"https:\/\/www.uwekobold.de\/wp-content\/uploads\/2023\/04\/21D9014F-5789-4AE6-B2D2-E5DF20C2A72E.jpeg","contentUrl":"https:\/\/www.uwekobold.de\/wp-content\/uploads\/2023\/04\/21D9014F-5789-4AE6-B2D2-E5DF20C2A72E.jpeg","width":1000,"height":1000,"caption":"Uwe Kobold"},"logo":{"@id":"https:\/\/www.uwekobold.de\/#\/schema\/person\/image\/"},"sameAs":["http:\/\/www.uwekobold.de"]}]}},"jetpack_sharing_enabled":true,"_links":{"self":[{"href":"https:\/\/www.uwekobold.de\/en\/wp-json\/wp\/v2\/pages\/118","targetHints":{"allow":["GET"]}}],"collection":[{"href":"https:\/\/www.uwekobold.de\/en\/wp-json\/wp\/v2\/pages"}],"about":[{"href":"https:\/\/www.uwekobold.de\/en\/wp-json\/wp\/v2\/types\/page"}],"author":[{"embeddable":true,"href":"https:\/\/www.uwekobold.de\/en\/wp-json\/wp\/v2\/users\/1"}],"replies":[{"embeddable":true,"href":"https:\/\/www.uwekobold.de\/en\/wp-json\/wp\/v2\/comments?post=118"}],"version-history":[{"count":256,"href":"https:\/\/www.uwekobold.de\/en\/wp-json\/wp\/v2\/pages\/118\/revisions"}],"predecessor-version":[{"id":6234,"href":"https:\/\/www.uwekobold.de\/en\/wp-json\/wp\/v2\/pages\/118\/revisions\/6234"}],"wp:attachment":[{"href":"https:\/\/www.uwekobold.de\/en\/wp-json\/wp\/v2\/media?parent=118"}],"curies":[{"name":"wp","href":"https:\/\/api.w.org\/{rel}","templated":true}]}}