{"id":6382,"date":"2025-12-07T01:34:08","date_gmt":"2025-12-07T00:34:08","guid":{"rendered":"https:\/\/www.uwekobold.de\/?page_id=6382"},"modified":"2025-12-07T11:46:55","modified_gmt":"2025-12-07T10:46:55","slug":"works-classic-grid-draft-duplicate","status":"publish","type":"page","link":"https:\/\/www.uwekobold.de\/en\/works-classic-grid-draft-duplicate\/","title":{"rendered":"Works: Classic Grid draft duplicate"},"content":{"rendered":"<div data-elementor-type=\"wp-page\" data-elementor-id=\"6382\" class=\"elementor elementor-6382\">\n\t\t\t\t\t\t<section class=\"elementor-section elementor-top-section elementor-element elementor-element-e6f8f84 elementor-section-boxed elementor-section-height-default elementor-section-height-default\" data-id=\"e6f8f84\" data-element_type=\"section\">\n\t\t\t\t\t\t<div class=\"elementor-container elementor-column-gap-default\">\n\t\t\t\t\t<div class=\"elementor-column elementor-col-100 elementor-top-column elementor-element elementor-element-1d89c86\" data-id=\"1d89c86\" data-element_type=\"column\">\n\t\t\t<div class=\"elementor-widget-wrap elementor-element-populated\">\n\t\t\t\t\t\t<div class=\"elementor-element elementor-element-ecb2e4d elementor-widget elementor-widget-text-editor\" data-id=\"ecb2e4d\" data-element_type=\"widget\" data-widget_type=\"text-editor.default\">\n\t\t\t\t<div class=\"elementor-widget-container\">\n\t\t\t\t\t\t\t\t\t<h1>Uwe Kobold \u2013 Fine Art Photography<\/h1><p>Photography between light, movement and contemplative silence.<\/p><p>\u00a0<\/p><p class=\"p1\"><span class=\"s1\">Meine Arbeiten fangen Emotionen ein; ein leises, konzentriertes Lebensgef\u00fchl von Klarheit, Aufmerksamkeit und feiner Sinnlichkeit. <\/span><span class=\"s1\">Color, light and movement become not only visible, but perceptible<\/span><span class=\"s2\">. <\/span><\/p><p class=\"p1\"><span class=\"s2\">They invite you to slow down, look, breathe and discover something unexpected in the seemingly everyday.<\/span><\/p><p>\u00a0<\/p><p><strong>Fine-Art-Editionen sind \u00fcber die renommierte Online-Galerie Singulart erh\u00e4ltlich.<\/strong><br \/><strong>For individual inquiries and projects I am also available directly.<\/strong><\/p>\t\t\t\t\t\t\t\t<\/div>\n\t\t\t\t<\/div>\n\t\t\t\t\t<\/div>\n\t\t<\/div>\n\t\t\t\t\t<\/div>\n\t\t<\/section>\n\t\t\t\t<section class=\"elementor-section elementor-top-section elementor-element elementor-element-4ee6197 elementor-section-boxed elementor-section-height-default elementor-section-height-default\" data-id=\"4ee6197\" data-element_type=\"section\">\n\t\t\t\t\t\t<div class=\"elementor-container elementor-column-gap-default\">\n\t\t\t\t\t<div class=\"elementor-column elementor-col-50 elementor-top-column elementor-element elementor-element-fd0f697\" data-id=\"fd0f697\" data-element_type=\"column\">\n\t\t\t<div class=\"elementor-widget-wrap elementor-element-populated\">\n\t\t\t\t\t\t\t<\/div>\n\t\t<\/div>\n\t\t\t\t<div class=\"elementor-column elementor-col-50 elementor-top-column elementor-element elementor-element-8453e1d\" data-id=\"8453e1d\" data-element_type=\"column\">\n\t\t\t<div class=\"elementor-widget-wrap elementor-element-populated\">\n\t\t\t\t\t\t<div class=\"elementor-element elementor-element-4c8a68b elementor-widget elementor-widget-text-editor\" data-id=\"4c8a68b\" data-element_type=\"widget\" data-widget_type=\"text-editor.default\">\n\t\t\t\t<div class=\"elementor-widget-container\">\n\t\t\t\t\t\t\t\t\t<p><a class=\"elementor-button elementor-size-lg\" href=\"https:\/\/www.singulart.com\/de\/k%C3%BCnstler\/uwe-kobold-68432\"><br \/><span class=\"elementor-button-content-wrapper\"><br \/><span class=\"elementor-button-text\">Singulart-Shop ansehen<\/span><br \/><\/span><br \/><\/a><\/p>\t\t\t\t\t\t\t\t<\/div>\n\t\t\t\t<\/div>\n\t\t\t\t\t<\/div>\n\t\t<\/div>\n\t\t\t\t\t<\/div>\n\t\t<\/section>\n\t\t\t\t<section class=\"elementor-section elementor-top-section elementor-element elementor-element-849c2f8 elementor-section-height-min-height elementor-section-items-top elementor-section-boxed elementor-section-height-default elementor-invisible\" data-id=\"849c2f8\" data-element_type=\"section\" data-settings=\"{&quot;animation&quot;:&quot;zoomIn&quot;}\">\n\t\t\t\t\t\t<div class=\"elementor-container elementor-column-gap-default\">\n\t\t\t\t\t<div class=\"elementor-column elementor-col-100 elementor-top-column elementor-element elementor-element-31c72a6\" data-id=\"31c72a6\" data-element_type=\"column\">\n\t\t\t<div class=\"elementor-widget-wrap elementor-element-populated\">\n\t\t\t\t\t\t<div class=\"elementor-element elementor-element-f7ab0e5 shadowcore-pgi-content--above shadowcore-pgi-scale--yes elementor-widget__width-initial shadowcore-pgi-align--left shadowcore-pgi-fade--yes elementor-widget elementor-widget-shadow-query-grid\" data-id=\"f7ab0e5\" data-element_type=\"widget\" data-widget_type=\"shadow-query-grid.default\">\n\t\t\t\t<div class=\"elementor-widget-container\">\n\t\t\t\t\t\t\t<div class=\"shadowcore-posts-grid-wrap\" data-loading=\"all\">\n\t\t\t\t\t\t<div class=\"shadowcore-posts-grid\" data-type=\"grid\">\n\t\t\t\t\t\t\t\t\t<div id=\"shadowcore-uqgi-5517\" class=\"shadowcore-posts-grid--item post-5517 anita-albums type-anita-albums status-publish has-post-thumbnail hentry\">\n\t\t\t\t\t\t\t<div class=\"shadowcore-pgi--inner\">\n\t\t\t\t\t\t\t\t\t\t\t\t\t\t\t\t\t<div class=\"shadowcore-pgi__image\">\n\t\t\t\t\t\t\t\t\t\t<div class=\"shadowcore-grid-image has-post-thmb shadowcore-div-image\" data-src=\"https:\/\/i0.wp.com\/www.uwekobold.de\/wp-content\/uploads\/2024\/11\/IMG_4800-small.jpg?fit=960%2C960&#038;ssl=1\">\n\t\t\t\t\t\t\t\t\t\t\t<img \n\t\t\t\t\t\t\t\t\t\t\t\tsrc=\"data:image\/svg+xml,%3Csvg%20xmlns='http:\/\/www.w3.org\/2000\/svg'%20viewBox='0%200%20960%20640'%3E%3C\/svg%3E\"\n\t\t\t\t\t\t\t\t\t\t\t\talt=\"Just Tango\" \n\t\t\t\t\t\t\t\t\t\t\t\twidth=\"960\" \n\t\t\t\t\t\t\t\t\t\t\t\theight=\"640\">\n\t\t\t\t\t\t\t\t\t\t<\/div><!-- .shadowcore-gallery-image -->\n\t\t\t\t\t\t\t\t\t<\/div><!-- .shadowcore-pgi__image -->\n\t\t\t\t\t\t\t\t\t\t\t\t\t\t\t\t\t<div class=\"shadowcore-pgi__content\">\n\t\t\t\t\t\t\t\t\t<div class=\"shadowcore-pgi__content-inner\">\n\t\t\t\t\t\t\t\t\t\t<div class=\"shadowcore-pgi__content_head\">\n\t\t\t\t\t\t\t\t\t\t<div class=\"shadowcore-pgi__title\">Just Tango<\/div>\t\t\t\t\t\t\t\t\t\t<\/div><!-- .shadowcore-pgi__content_head -->\n\t\t\t\t\t\t\t\t\t\t\t\t\t\t\t\t\t\t\t<\/div><!-- .shadowcore-pgi__content-inner -->\n\t\t\t\t\t\t\t\t<\/div><!-- .shadowcore-pgi__content -->\n\t\t\t\t\t\t\t\t<a href=\"https:\/\/www.uwekobold.de\/en\/albums\/just-tango\/\" class=\"shadowcore-pgi-link\"><\/a>\n\t\t\t\t\t\t\t<\/div><!-- .shadowcore-pgi--inner -->\n\t\t\t\t\t\t<\/div><!-- .shadowcore-posts-grid--item -->\n\t\t\t\t\t\t\t\t\t\t\t\t<div id=\"shadowcore-uqgi-4976\" class=\"shadowcore-posts-grid--item post-4976 anita-albums type-anita-albums status-publish has-post-thumbnail hentry albums-category-aus-dunklem-teich\">\n\t\t\t\t\t\t\t<div class=\"shadowcore-pgi--inner\">\n\t\t\t\t\t\t\t\t\t\t\t\t\t\t\t\t\t<div class=\"shadowcore-pgi__image\">\n\t\t\t\t\t\t\t\t\t\t<div class=\"shadowcore-grid-image has-post-thmb shadowcore-div-image\" data-src=\"https:\/\/i0.wp.com\/www.uwekobold.de\/wp-content\/uploads\/2023\/01\/IMG_7928.jpg?fit=960%2C686&#038;ssl=1\">\n\t\t\t\t\t\t\t\t\t\t\t<img \n\t\t\t\t\t\t\t\t\t\t\t\tsrc=\"data:image\/svg+xml,%3Csvg%20xmlns='http:\/\/www.w3.org\/2000\/svg'%20viewBox='0%200%20960%20640'%3E%3C\/svg%3E\"\n\t\t\t\t\t\t\t\t\t\t\t\talt=\"Aus dunklem Teich\" \n\t\t\t\t\t\t\t\t\t\t\t\twidth=\"960\" \n\t\t\t\t\t\t\t\t\t\t\t\theight=\"640\">\n\t\t\t\t\t\t\t\t\t\t<\/div><!-- .shadowcore-gallery-image -->\n\t\t\t\t\t\t\t\t\t<\/div><!-- .shadowcore-pgi__image -->\n\t\t\t\t\t\t\t\t\t\t\t\t\t\t\t\t\t<div class=\"shadowcore-pgi__content\">\n\t\t\t\t\t\t\t\t\t<div class=\"shadowcore-pgi__content-inner\">\n\t\t\t\t\t\t\t\t\t\t<div class=\"shadowcore-pgi__content_head\">\n\t\t\t\t\t\t\t\t\t\t<div class=\"shadowcore-pgi__title\">Out of dark water<\/div>\t\t\t\t\t\t\t\t\t\t<\/div><!-- .shadowcore-pgi__content_head -->\n\t\t\t\t\t\t\t\t\t\t\t\t\t\t\t\t\t\t\t<\/div><!-- .shadowcore-pgi__content-inner -->\n\t\t\t\t\t\t\t\t<\/div><!-- .shadowcore-pgi__content -->\n\t\t\t\t\t\t\t\t<a href=\"https:\/\/www.uwekobold.de\/en\/albums\/aus-dunklem-teich\/\" class=\"shadowcore-pgi-link\"><\/a>\n\t\t\t\t\t\t\t<\/div><!-- .shadowcore-pgi--inner -->\n\t\t\t\t\t\t<\/div><!-- .shadowcore-posts-grid--item -->\n\t\t\t\t\t\t\t\t\t\t\t\t<div id=\"shadowcore-uqgi-4946\" class=\"shadowcore-posts-grid--item post-4946 anita-albums type-anita-albums status-publish has-post-thumbnail hentry albums-category-radom\">\n\t\t\t\t\t\t\t<div class=\"shadowcore-pgi--inner\">\n\t\t\t\t\t\t\t\t\t\t\t\t\t\t\t\t\t<div class=\"shadowcore-pgi__image\">\n\t\t\t\t\t\t\t\t\t\t<div class=\"shadowcore-grid-image has-post-thmb shadowcore-div-image\" data-src=\"https:\/\/i0.wp.com\/www.uwekobold.de\/wp-content\/uploads\/2023\/02\/IMG_4821.jpg?fit=960%2C720&#038;ssl=1\">\n\t\t\t\t\t\t\t\t\t\t\t<img \n\t\t\t\t\t\t\t\t\t\t\t\tsrc=\"data:image\/svg+xml,%3Csvg%20xmlns='http:\/\/www.w3.org\/2000\/svg'%20viewBox='0%200%20960%20640'%3E%3C\/svg%3E\"\n\t\t\t\t\t\t\t\t\t\t\t\talt=\"Radom \/ Ammersee\" \n\t\t\t\t\t\t\t\t\t\t\t\twidth=\"960\" \n\t\t\t\t\t\t\t\t\t\t\t\theight=\"640\">\n\t\t\t\t\t\t\t\t\t\t<\/div><!-- .shadowcore-gallery-image -->\n\t\t\t\t\t\t\t\t\t<\/div><!-- .shadowcore-pgi__image -->\n\t\t\t\t\t\t\t\t\t\t\t\t\t\t\t\t\t<div class=\"shadowcore-pgi__content\">\n\t\t\t\t\t\t\t\t\t<div class=\"shadowcore-pgi__content-inner\">\n\t\t\t\t\t\t\t\t\t\t<div class=\"shadowcore-pgi__content_head\">\n\t\t\t\t\t\t\t\t\t\t<div class=\"shadowcore-pgi__title\">Radom \/ Ammersee<\/div>\t\t\t\t\t\t\t\t\t\t<\/div><!-- .shadowcore-pgi__content_head -->\n\t\t\t\t\t\t\t\t\t\t\t\t\t\t\t\t\t\t\t<\/div><!-- .shadowcore-pgi__content-inner -->\n\t\t\t\t\t\t\t\t<\/div><!-- .shadowcore-pgi__content -->\n\t\t\t\t\t\t\t\t<a href=\"https:\/\/www.uwekobold.de\/en\/albums\/radom\/\" class=\"shadowcore-pgi-link\"><\/a>\n\t\t\t\t\t\t\t<\/div><!-- .shadowcore-pgi--inner -->\n\t\t\t\t\t\t<\/div><!-- .shadowcore-posts-grid--item -->\n\t\t\t\t\t\t\t\t\t\t\t\t<div id=\"shadowcore-uqgi-4467\" class=\"shadowcore-posts-grid--item post-4467 anita-albums type-anita-albums status-publish has-post-thumbnail hentry albums-category-fassaden-2\">\n\t\t\t\t\t\t\t<div class=\"shadowcore-pgi--inner\">\n\t\t\t\t\t\t\t\t\t\t\t\t\t\t\t\t\t<div class=\"shadowcore-pgi__image\">\n\t\t\t\t\t\t\t\t\t\t<div class=\"shadowcore-grid-image has-post-thmb shadowcore-div-image\" data-src=\"https:\/\/i0.wp.com\/www.uwekobold.de\/wp-content\/uploads\/2022\/12\/IMG_7188.jpg?fit=819%2C1024&#038;ssl=1\">\n\t\t\t\t\t\t\t\t\t\t\t<img \n\t\t\t\t\t\t\t\t\t\t\t\tsrc=\"data:image\/svg+xml,%3Csvg%20xmlns='http:\/\/www.w3.org\/2000\/svg'%20viewBox='0%200%20960%20640'%3E%3C\/svg%3E\"\n\t\t\t\t\t\t\t\t\t\t\t\talt=\"Fassaden\" \n\t\t\t\t\t\t\t\t\t\t\t\twidth=\"960\" \n\t\t\t\t\t\t\t\t\t\t\t\theight=\"640\">\n\t\t\t\t\t\t\t\t\t\t<\/div><!-- .shadowcore-gallery-image -->\n\t\t\t\t\t\t\t\t\t<\/div><!-- .shadowcore-pgi__image -->\n\t\t\t\t\t\t\t\t\t\t\t\t\t\t\t\t\t<div class=\"shadowcore-pgi__content\">\n\t\t\t\t\t\t\t\t\t<div class=\"shadowcore-pgi__content-inner\">\n\t\t\t\t\t\t\t\t\t\t<div class=\"shadowcore-pgi__content_head\">\n\t\t\t\t\t\t\t\t\t\t<div class=\"shadowcore-pgi__title\">Facades<\/div>\t\t\t\t\t\t\t\t\t\t<\/div><!-- .shadowcore-pgi__content_head -->\n\t\t\t\t\t\t\t\t\t\t\t\t\t\t\t\t\t\t\t<\/div><!-- .shadowcore-pgi__content-inner -->\n\t\t\t\t\t\t\t\t<\/div><!-- .shadowcore-pgi__content -->\n\t\t\t\t\t\t\t\t<a href=\"https:\/\/www.uwekobold.de\/en\/albums\/fassaden\/\" class=\"shadowcore-pgi-link\"><\/a>\n\t\t\t\t\t\t\t<\/div><!-- .shadowcore-pgi--inner -->\n\t\t\t\t\t\t<\/div><!-- .shadowcore-posts-grid--item -->\n\t\t\t\t\t\t\t\t\t\t\t\t<div id=\"shadowcore-uqgi-4174\" class=\"shadowcore-posts-grid--item post-4174 anita-albums type-anita-albums status-publish has-post-thumbnail hentry albums-category-blackwhite\">\n\t\t\t\t\t\t\t<div class=\"shadowcore-pgi--inner\">\n\t\t\t\t\t\t\t\t\t\t\t\t\t\t\t\t\t<div class=\"shadowcore-pgi__image\">\n\t\t\t\t\t\t\t\t\t\t<div class=\"shadowcore-grid-image has-post-thmb shadowcore-div-image\" data-src=\"https:\/\/i0.wp.com\/www.uwekobold.de\/wp-content\/uploads\/2022\/12\/dscf2158.jpg?fit=960%2C640&#038;ssl=1\">\n\t\t\t\t\t\t\t\t\t\t\t<img \n\t\t\t\t\t\t\t\t\t\t\t\tsrc=\"data:image\/svg+xml,%3Csvg%20xmlns='http:\/\/www.w3.org\/2000\/svg'%20viewBox='0%200%20960%20640'%3E%3C\/svg%3E\"\n\t\t\t\t\t\t\t\t\t\t\t\talt=\"Black&#038;White\" \n\t\t\t\t\t\t\t\t\t\t\t\twidth=\"960\" \n\t\t\t\t\t\t\t\t\t\t\t\theight=\"640\">\n\t\t\t\t\t\t\t\t\t\t<\/div><!-- .shadowcore-gallery-image -->\n\t\t\t\t\t\t\t\t\t<\/div><!-- .shadowcore-pgi__image -->\n\t\t\t\t\t\t\t\t\t\t\t\t\t\t\t\t\t<div class=\"shadowcore-pgi__content\">\n\t\t\t\t\t\t\t\t\t<div class=\"shadowcore-pgi__content-inner\">\n\t\t\t\t\t\t\t\t\t\t<div class=\"shadowcore-pgi__content_head\">\n\t\t\t\t\t\t\t\t\t\t<div class=\"shadowcore-pgi__title\">Black&amp;White<\/div>\t\t\t\t\t\t\t\t\t\t<\/div><!-- .shadowcore-pgi__content_head -->\n\t\t\t\t\t\t\t\t\t\t\t\t\t\t\t\t\t\t\t<\/div><!-- .shadowcore-pgi__content-inner -->\n\t\t\t\t\t\t\t\t<\/div><!-- .shadowcore-pgi__content -->\n\t\t\t\t\t\t\t\t<a href=\"https:\/\/www.uwekobold.de\/en\/albums\/blackwhite\/\" class=\"shadowcore-pgi-link\"><\/a>\n\t\t\t\t\t\t\t<\/div><!-- .shadowcore-pgi--inner -->\n\t\t\t\t\t\t<\/div><!-- .shadowcore-posts-grid--item -->\n\t\t\t\t\t\t\t\t\t\t\t\t<div id=\"shadowcore-uqgi-4158\" class=\"shadowcore-posts-grid--item post-4158 anita-albums type-anita-albums status-publish has-post-thumbnail hentry albums-category-farbengarten\">\n\t\t\t\t\t\t\t<div class=\"shadowcore-pgi--inner\">\n\t\t\t\t\t\t\t\t\t\t\t\t\t\t\t\t\t<div class=\"shadowcore-pgi__image\">\n\t\t\t\t\t\t\t\t\t\t<div class=\"shadowcore-grid-image has-post-thmb shadowcore-div-image\" data-src=\"https:\/\/i0.wp.com\/www.uwekobold.de\/wp-content\/uploads\/2022\/12\/dscf4297.jpg?fit=960%2C640&#038;ssl=1\">\n\t\t\t\t\t\t\t\t\t\t\t<img \n\t\t\t\t\t\t\t\t\t\t\t\tsrc=\"data:image\/svg+xml,%3Csvg%20xmlns='http:\/\/www.w3.org\/2000\/svg'%20viewBox='0%200%20960%20640'%3E%3C\/svg%3E\"\n\t\t\t\t\t\t\t\t\t\t\t\talt=\"Farbengarten\" \n\t\t\t\t\t\t\t\t\t\t\t\twidth=\"960\" \n\t\t\t\t\t\t\t\t\t\t\t\theight=\"640\">\n\t\t\t\t\t\t\t\t\t\t<\/div><!-- .shadowcore-gallery-image -->\n\t\t\t\t\t\t\t\t\t<\/div><!-- .shadowcore-pgi__image -->\n\t\t\t\t\t\t\t\t\t\t\t\t\t\t\t\t\t<div class=\"shadowcore-pgi__content\">\n\t\t\t\t\t\t\t\t\t<div class=\"shadowcore-pgi__content-inner\">\n\t\t\t\t\t\t\t\t\t\t<div class=\"shadowcore-pgi__content_head\">\n\t\t\t\t\t\t\t\t\t\t<div class=\"shadowcore-pgi__title\">Color Garden<\/div>\t\t\t\t\t\t\t\t\t\t<\/div><!-- .shadowcore-pgi__content_head -->\n\t\t\t\t\t\t\t\t\t\t\t\t\t\t\t\t\t\t\t<\/div><!-- .shadowcore-pgi__content-inner -->\n\t\t\t\t\t\t\t\t<\/div><!-- .shadowcore-pgi__content -->\n\t\t\t\t\t\t\t\t<a href=\"https:\/\/www.uwekobold.de\/en\/albums\/farbengarten\/\" class=\"shadowcore-pgi-link\"><\/a>\n\t\t\t\t\t\t\t<\/div><!-- .shadowcore-pgi--inner -->\n\t\t\t\t\t\t<\/div><!-- .shadowcore-posts-grid--item -->\n\t\t\t\t\t\t\t\t\t\t\t\t<div id=\"shadowcore-uqgi-4142\" class=\"shadowcore-posts-grid--item post-4142 anita-albums type-anita-albums status-publish has-post-thumbnail hentry albums-category-zeitmaschine\">\n\t\t\t\t\t\t\t<div class=\"shadowcore-pgi--inner\">\n\t\t\t\t\t\t\t\t\t\t\t\t\t\t\t\t\t<div class=\"shadowcore-pgi__image\">\n\t\t\t\t\t\t\t\t\t\t<div class=\"shadowcore-grid-image has-post-thmb shadowcore-div-image\" data-src=\"https:\/\/i0.wp.com\/www.uwekobold.de\/wp-content\/uploads\/2022\/12\/IMG_5303.jpg?fit=1024%2C683&#038;ssl=1\">\n\t\t\t\t\t\t\t\t\t\t\t<img \n\t\t\t\t\t\t\t\t\t\t\t\tsrc=\"data:image\/svg+xml,%3Csvg%20xmlns='http:\/\/www.w3.org\/2000\/svg'%20viewBox='0%200%20960%20640'%3E%3C\/svg%3E\"\n\t\t\t\t\t\t\t\t\t\t\t\talt=\"Zeitmaschine\" \n\t\t\t\t\t\t\t\t\t\t\t\twidth=\"960\" \n\t\t\t\t\t\t\t\t\t\t\t\theight=\"640\">\n\t\t\t\t\t\t\t\t\t\t<\/div><!-- .shadowcore-gallery-image -->\n\t\t\t\t\t\t\t\t\t<\/div><!-- .shadowcore-pgi__image -->\n\t\t\t\t\t\t\t\t\t\t\t\t\t\t\t\t\t<div class=\"shadowcore-pgi__content\">\n\t\t\t\t\t\t\t\t\t<div class=\"shadowcore-pgi__content-inner\">\n\t\t\t\t\t\t\t\t\t\t<div class=\"shadowcore-pgi__content_head\">\n\t\t\t\t\t\t\t\t\t\t<div class=\"shadowcore-pgi__title\">Time Machine<\/div>\t\t\t\t\t\t\t\t\t\t<\/div><!-- .shadowcore-pgi__content_head -->\n\t\t\t\t\t\t\t\t\t\t\t\t\t\t\t\t\t\t\t<\/div><!-- .shadowcore-pgi__content-inner -->\n\t\t\t\t\t\t\t\t<\/div><!-- .shadowcore-pgi__content -->\n\t\t\t\t\t\t\t\t<a href=\"https:\/\/www.uwekobold.de\/en\/albums\/zeitmaschine\/\" class=\"shadowcore-pgi-link\"><\/a>\n\t\t\t\t\t\t\t<\/div><!-- .shadowcore-pgi--inner -->\n\t\t\t\t\t\t<\/div><!-- .shadowcore-posts-grid--item -->\n\t\t\t\t\t\t\t\t\t<\/div><!-- .shadowcore-posts-grid -->\n\t\t\t\t\t<\/div><!-- .shadowcore-posts-grid-wrap -->\n\t\t\t\t\t\t<\/div>\n\t\t\t\t<\/div>\n\t\t\t\t\t<\/div>\n\t\t<\/div>\n\t\t\t\t\t<\/div>\n\t\t<\/section>\n\t\t\t\t<section class=\"elementor-section elementor-top-section elementor-element elementor-element-be97892 elementor-section-boxed elementor-section-height-default elementor-section-height-default\" data-id=\"be97892\" data-element_type=\"section\">\n\t\t\t\t\t\t<div class=\"elementor-container elementor-column-gap-default\">\n\t\t\t\t\t<div class=\"elementor-column elementor-col-16 elementor-top-column elementor-element elementor-element-738bd46\" data-id=\"738bd46\" data-element_type=\"column\">\n\t\t\t<div class=\"elementor-widget-wrap\">\n\t\t\t\t\t\t\t<\/div>\n\t\t<\/div>\n\t\t\t\t<div class=\"elementor-column elementor-col-66 elementor-top-column elementor-element elementor-element-6fbe0f6\" data-id=\"6fbe0f6\" data-element_type=\"column\">\n\t\t\t<div class=\"elementor-widget-wrap\">\n\t\t\t\t\t\t\t<\/div>\n\t\t<\/div>\n\t\t\t\t<div class=\"elementor-column elementor-col-16 elementor-top-column elementor-element elementor-element-7b53d79\" data-id=\"7b53d79\" data-element_type=\"column\">\n\t\t\t<div class=\"elementor-widget-wrap\">\n\t\t\t\t\t\t\t<\/div>\n\t\t<\/div>\n\t\t\t\t\t<\/div>\n\t\t<\/section>\n\t\t\t\t<\/div>","protected":false},"excerpt":{"rendered":"<p>Uwe Kobold \u2013 Fine Art Photography Fotografie zwischen Licht, Bewegung und kontemplativer Stille. \u00a0 Meine Arbeiten fangen Emotionen ein; ein leises, konzentriertes Lebensgef\u00fchl von Klarheit, Aufmerksamkeit und feiner Sinnlichkeit. Farbe, Licht und Bewegung werden nicht nur sichtbar, sondern sp\u00fcrbar. Sie laden dazu ein, sich zu verlangsamen, zu schauen, zu atmen und im scheinbar Allt\u00e4glichen etwas&#8230;<\/p>","protected":false},"author":1,"featured_media":0,"parent":0,"menu_order":0,"comment_status":"closed","ping_status":"closed","template":"","meta":{"footnotes":""},"class_list":["post-6382","page","type-page","status-publish","hentry"],"yoast_head":"<!-- This site is optimized with the Yoast SEO plugin v26.6 - https:\/\/yoast.com\/wordpress\/plugins\/seo\/ -->\n<title>kobold-grafik.de \/ fine art photography<\/title>\n<meta name=\"description\" content=\"Fotografie und Malerei; fine art photography; expressive photo graphics\" \/>\n<meta name=\"robots\" content=\"index, follow, max-snippet:-1, max-image-preview:large, max-video-preview:-1\" \/>\n<link rel=\"canonical\" href=\"https:\/\/www.uwekobold.de\/en\/works-classic-grid-draft-duplicate\/\" \/>\n<meta property=\"og:locale\" content=\"en_US\" \/>\n<meta property=\"og:type\" content=\"article\" \/>\n<meta property=\"og:title\" content=\"kobold-grafik.de \/ fine art photography\" \/>\n<meta property=\"og:description\" content=\"Fotografie und Malerei; fine art photography; expressive photo graphics\" \/>\n<meta property=\"og:url\" content=\"https:\/\/www.uwekobold.de\/en\/works-classic-grid-draft-duplicate\/\" \/>\n<meta property=\"og:site_name\" content=\"kobold-grafik\" \/>\n<meta property=\"article:modified_time\" content=\"2025-12-07T10:46:55+00:00\" \/>\n<meta name=\"twitter:card\" content=\"summary_large_image\" \/>\n<meta name=\"twitter:label1\" content=\"Est. reading time\" \/>\n\t<meta name=\"twitter:data1\" content=\"2 minutes\" \/>\n<script type=\"application\/ld+json\" class=\"yoast-schema-graph\">{\"@context\":\"https:\/\/schema.org\",\"@graph\":[{\"@type\":\"WebPage\",\"@id\":\"https:\/\/www.uwekobold.de\/works-classic-grid-draft-duplicate\/\",\"url\":\"https:\/\/www.uwekobold.de\/works-classic-grid-draft-duplicate\/\",\"name\":\"kobold-grafik.de \/ fine art photography\",\"isPartOf\":{\"@id\":\"https:\/\/www.uwekobold.de\/#website\"},\"datePublished\":\"2025-12-07T00:34:08+00:00\",\"dateModified\":\"2025-12-07T10:46:55+00:00\",\"description\":\"Fotografie und Malerei; fine art photography; expressive photo graphics\",\"breadcrumb\":{\"@id\":\"https:\/\/www.uwekobold.de\/works-classic-grid-draft-duplicate\/#breadcrumb\"},\"inLanguage\":\"en-US\",\"potentialAction\":[{\"@type\":\"ReadAction\",\"target\":[\"https:\/\/www.uwekobold.de\/works-classic-grid-draft-duplicate\/\"]}]},{\"@type\":\"BreadcrumbList\",\"@id\":\"https:\/\/www.uwekobold.de\/works-classic-grid-draft-duplicate\/#breadcrumb\",\"itemListElement\":[{\"@type\":\"ListItem\",\"position\":1,\"name\":\"Home\",\"item\":\"https:\/\/www.uwekobold.de\/\"},{\"@type\":\"ListItem\",\"position\":2,\"name\":\"Works: Classic Grid draft duplicate\"}]},{\"@type\":\"WebSite\",\"@id\":\"https:\/\/www.uwekobold.de\/#website\",\"url\":\"https:\/\/www.uwekobold.de\/\",\"name\":\"kobold-grafik\",\"description\":\"fine art photography\",\"publisher\":{\"@id\":\"https:\/\/www.uwekobold.de\/#\/schema\/person\/1cb68d5160ac31b685e1bfeb6b88979e\"},\"potentialAction\":[{\"@type\":\"SearchAction\",\"target\":{\"@type\":\"EntryPoint\",\"urlTemplate\":\"https:\/\/www.uwekobold.de\/?s={search_term_string}\"},\"query-input\":{\"@type\":\"PropertyValueSpecification\",\"valueRequired\":true,\"valueName\":\"search_term_string\"}}],\"inLanguage\":\"en-US\"},{\"@type\":[\"Person\",\"Organization\"],\"@id\":\"https:\/\/www.uwekobold.de\/#\/schema\/person\/1cb68d5160ac31b685e1bfeb6b88979e\",\"name\":\"Uwe Kobold\",\"image\":{\"@type\":\"ImageObject\",\"inLanguage\":\"en-US\",\"@id\":\"https:\/\/www.uwekobold.de\/#\/schema\/person\/image\/\",\"url\":\"https:\/\/www.uwekobold.de\/wp-content\/uploads\/2023\/04\/21D9014F-5789-4AE6-B2D2-E5DF20C2A72E.jpeg\",\"contentUrl\":\"https:\/\/www.uwekobold.de\/wp-content\/uploads\/2023\/04\/21D9014F-5789-4AE6-B2D2-E5DF20C2A72E.jpeg\",\"width\":1000,\"height\":1000,\"caption\":\"Uwe Kobold\"},\"logo\":{\"@id\":\"https:\/\/www.uwekobold.de\/#\/schema\/person\/image\/\"},\"sameAs\":[\"http:\/\/www.uwekobold.de\"]}]}<\/script>\n<!-- \/ Yoast SEO plugin. -->","yoast_head_json":{"title":"kobold-grafik.de \/ fine art photography","description":"Fotografie und Malerei; fine art photography; expressive photo graphics","robots":{"index":"index","follow":"follow","max-snippet":"max-snippet:-1","max-image-preview":"max-image-preview:large","max-video-preview":"max-video-preview:-1"},"canonical":"https:\/\/www.uwekobold.de\/en\/works-classic-grid-draft-duplicate\/","og_locale":"en_US","og_type":"article","og_title":"kobold-grafik.de \/ fine art photography","og_description":"Fotografie und Malerei; fine art photography; expressive photo graphics","og_url":"https:\/\/www.uwekobold.de\/en\/works-classic-grid-draft-duplicate\/","og_site_name":"kobold-grafik","article_modified_time":"2025-12-07T10:46:55+00:00","twitter_card":"summary_large_image","twitter_misc":{"Est. reading time":"2 minutes"},"schema":{"@context":"https:\/\/schema.org","@graph":[{"@type":"WebPage","@id":"https:\/\/www.uwekobold.de\/works-classic-grid-draft-duplicate\/","url":"https:\/\/www.uwekobold.de\/works-classic-grid-draft-duplicate\/","name":"kobold-grafik.de \/ fine art photography","isPartOf":{"@id":"https:\/\/www.uwekobold.de\/#website"},"datePublished":"2025-12-07T00:34:08+00:00","dateModified":"2025-12-07T10:46:55+00:00","description":"Fotografie und Malerei; fine art photography; expressive photo graphics","breadcrumb":{"@id":"https:\/\/www.uwekobold.de\/works-classic-grid-draft-duplicate\/#breadcrumb"},"inLanguage":"en-US","potentialAction":[{"@type":"ReadAction","target":["https:\/\/www.uwekobold.de\/works-classic-grid-draft-duplicate\/"]}]},{"@type":"BreadcrumbList","@id":"https:\/\/www.uwekobold.de\/works-classic-grid-draft-duplicate\/#breadcrumb","itemListElement":[{"@type":"ListItem","position":1,"name":"Home","item":"https:\/\/www.uwekobold.de\/"},{"@type":"ListItem","position":2,"name":"Works: Classic Grid draft duplicate"}]},{"@type":"WebSite","@id":"https:\/\/www.uwekobold.de\/#website","url":"https:\/\/www.uwekobold.de\/","name":"kobold-grafik","description":"fine art photography","publisher":{"@id":"https:\/\/www.uwekobold.de\/#\/schema\/person\/1cb68d5160ac31b685e1bfeb6b88979e"},"potentialAction":[{"@type":"SearchAction","target":{"@type":"EntryPoint","urlTemplate":"https:\/\/www.uwekobold.de\/?s={search_term_string}"},"query-input":{"@type":"PropertyValueSpecification","valueRequired":true,"valueName":"search_term_string"}}],"inLanguage":"en-US"},{"@type":["Person","Organization"],"@id":"https:\/\/www.uwekobold.de\/#\/schema\/person\/1cb68d5160ac31b685e1bfeb6b88979e","name":"Uwe Kobold","image":{"@type":"ImageObject","inLanguage":"en-US","@id":"https:\/\/www.uwekobold.de\/#\/schema\/person\/image\/","url":"https:\/\/www.uwekobold.de\/wp-content\/uploads\/2023\/04\/21D9014F-5789-4AE6-B2D2-E5DF20C2A72E.jpeg","contentUrl":"https:\/\/www.uwekobold.de\/wp-content\/uploads\/2023\/04\/21D9014F-5789-4AE6-B2D2-E5DF20C2A72E.jpeg","width":1000,"height":1000,"caption":"Uwe Kobold"},"logo":{"@id":"https:\/\/www.uwekobold.de\/#\/schema\/person\/image\/"},"sameAs":["http:\/\/www.uwekobold.de"]}]}},"jetpack_sharing_enabled":true,"_links":{"self":[{"href":"https:\/\/www.uwekobold.de\/en\/wp-json\/wp\/v2\/pages\/6382","targetHints":{"allow":["GET"]}}],"collection":[{"href":"https:\/\/www.uwekobold.de\/en\/wp-json\/wp\/v2\/pages"}],"about":[{"href":"https:\/\/www.uwekobold.de\/en\/wp-json\/wp\/v2\/types\/page"}],"author":[{"embeddable":true,"href":"https:\/\/www.uwekobold.de\/en\/wp-json\/wp\/v2\/users\/1"}],"replies":[{"embeddable":true,"href":"https:\/\/www.uwekobold.de\/en\/wp-json\/wp\/v2\/comments?post=6382"}],"version-history":[{"count":19,"href":"https:\/\/www.uwekobold.de\/en\/wp-json\/wp\/v2\/pages\/6382\/revisions"}],"predecessor-version":[{"id":6402,"href":"https:\/\/www.uwekobold.de\/en\/wp-json\/wp\/v2\/pages\/6382\/revisions\/6402"}],"wp:attachment":[{"href":"https:\/\/www.uwekobold.de\/en\/wp-json\/wp\/v2\/media?parent=6382"}],"curies":[{"name":"wp","href":"https:\/\/api.w.org\/{rel}","templated":true}]}}